{"id":2396,"date":"2022-11-05T13:25:22","date_gmt":"2021-02-26T11:05:31","guid":{"rendered":""},"modified":"2024-07-08T18:21:41","modified_gmt":"2024-07-08T11:21:41","slug":"chia-se","status":"publish","type":"page","link":"https:\/\/bpovietnam.com.vn\/index.php\/chia-se\/","title":{"rendered":"Chia s\u1ebb"},"content":{"rendered":"\n<div class=\"wp-block-query is-layout-flow wp-block-query-is-layout-flow\"><ul class=\"wp-block-post-template is-layout-flow wp-block-post-template-is-layout-flow\"><li class=\"wp-block-post post-1 post type-post status-publish format-standard has-post-thumbnail hentry category-dss category-erp category-power\">\n<h2 class=\"wp-block-post-title\"><a href=\"https:\/\/bpovietnam.com.vn\/index.php\/data_driven\/\" target=\"_self\" >\u0110\u1ec3 d\u1eef li\u1ec7u c\u00f3 th\u1ec3 l\u00ean ti\u1ebfng<\/a><\/h2>\n\n<figure class=\"alignwide wp-block-post-featured-image\"><a href=\"https:\/\/bpovietnam.com.vn\/index.php\/data_driven\/\" target=\"_self\"  ><img loading=\"lazy\" decoding=\"async\" width=\"300\" height=\"111\" src=\"https:\/\/bpovietnam.com.vn\/wp-content\/uploads\/2022\/11\/banner-300x111.jpg\" class=\"attachment-post-thumbnail size-post-thumbnail wp-post-image\" alt=\"\u0110\u1ec3 d\u1eef li\u1ec7u c\u00f3 th\u1ec3 l\u00ean ti\u1ebfng\" style=\"object-fit:cover;\" srcset=\"https:\/\/bpovietnam.com.vn\/wp-content\/uploads\/2022\/11\/banner-300x111.jpg 300w, https:\/\/bpovietnam.com.vn\/wp-content\/uploads\/2022\/11\/banner-768x284.jpg 768w, https:\/\/bpovietnam.com.vn\/wp-content\/uploads\/2022\/11\/banner.jpg 841w\" sizes=\"auto, (max-width: 300px) 100vw, 300px\" \/><\/a><\/figure>\n\n<div class=\"wp-block-post-excerpt\"><p class=\"wp-block-post-excerpt__excerpt\">M\u1ed9t b\u1ed9 d\u1eef li\u1ec7u \u0111\u1ee7 t\u1ed1t, m\u1ed9t gi\u1ea3i ph\u00e1p ph\u00e2n t\u00edch d\u1eef li\u1ec7u \u0111\u1ee7 m\u1ea1nh&#8230; s\u1ebd n\u00f3i cho ch\u00fang ta nghe r\u1ea5t nhi\u1ec1u \u0111i\u1ec1u b\u1ed5 \u00edch v\u00e0 th\u00e0nh th\u1eadt. Nhi\u1ec7m v\u1ee5 c\u1ee7a BPO DSS l\u00e0 cung c\u1ea5p gi\u1ea3i ph\u00e1p \u0111\u1ec3 doanh nghi\u1ec7p c\u00f3 b\u1ed9 d\u1eef li\u1ec7u n\u00e0y, t\u1ea1o m\u1ecdi \u0111i\u1ec1u ki\u1ec7n cho d\u1eef li\u1ec7u l\u00ean&hellip; <\/p><\/div>\n\n\n<hr class=\"wp-block-separator has-css-opacity\"\/>\n\n\n<div class=\"wp-block-post-date\"><time datetime=\"2018-01-02T12:00:00+07:00\">02\/01\/2018<\/time><\/div>\n<\/li><li class=\"wp-block-post post-2594 post type-post status-publish format-standard has-post-thumbnail hentry category-erp\">\n<h2 class=\"wp-block-post-title\"><a href=\"https:\/\/bpovietnam.com.vn\/index.php\/bpo-erp-giai-phap-quan-ly-tong-the\/\" target=\"_self\" >BPO ERP \u2013 Gi\u1ea3i ph\u00e1p qu\u1ea3n l\u00fd t\u1ed5ng th\u1ec3<\/a><\/h2>\n\n<figure class=\"alignwide wp-block-post-featured-image\"><a href=\"https:\/\/bpovietnam.com.vn\/index.php\/bpo-erp-giai-phap-quan-ly-tong-the\/\" target=\"_self\"  ><img loading=\"lazy\" decoding=\"async\" width=\"300\" height=\"192\" src=\"https:\/\/bpovietnam.com.vn\/wp-content\/uploads\/2024\/07\/Asset-4-850x544-1-300x192.png\" class=\"attachment-post-thumbnail size-post-thumbnail wp-post-image\" alt=\"BPO ERP \u2013 Gi\u1ea3i ph\u00e1p qu\u1ea3n l\u00fd t\u1ed5ng th\u1ec3\" style=\"object-fit:cover;\" srcset=\"https:\/\/bpovietnam.com.vn\/wp-content\/uploads\/2024\/07\/Asset-4-850x544-1-300x192.png 300w, https:\/\/bpovietnam.com.vn\/wp-content\/uploads\/2024\/07\/Asset-4-850x544-1-768x492.png 768w, https:\/\/bpovietnam.com.vn\/wp-content\/uploads\/2024\/07\/Asset-4-850x544-1.png 850w\" sizes=\"auto, (max-width: 300px) 100vw, 300px\" \/><\/a><\/figure>\n\n<div class=\"wp-block-post-excerpt\"><p class=\"wp-block-post-excerpt__excerpt\">Gi\u1ea3i ph\u00e1p qu\u1ea3n l\u00fd t\u1ed5ng th\u1ec3 doanh nghi\u1ec7p BPO ERP l\u00e0 m\u1ed9t ch\u01b0\u01a1ng tr\u00ecnh ph\u1ea7n m\u1ec1m m\u00e1y t\u00ednh \u0111\u01b0\u1ee3c s\u1eed d\u1ee5ng \u0111\u1ec3 qu\u1ea3n l\u00fd xuy\u00ean su\u1ed1t c\u00e1c quy tr\u00ecnh nghi\u1ec7p v\u1ee5 c\u1ee7a doanh nghi\u1ec7p. BPO ERP c\u00f3 kh\u1ea3 n\u0103ng m\u1edf r\u1ed9ng cao, t\u00edch h\u1ee3p \u0111\u01b0\u1ee3c v\u1edbi nhi\u1ec1u ph\u1ea7n m\u1ec1m nghi\u1ec7p v\u1ee5 ri\u00eang l\u1ebb, \u00e1p d\u1ee5ng&#8230; <\/p><\/div>\n\n\n<hr class=\"wp-block-separator has-css-opacity\"\/>\n\n\n<div class=\"wp-block-post-date\"><time datetime=\"2023-01-19T18:46:55+07:00\">19\/01\/2023<\/time><\/div>\n<\/li><li class=\"wp-block-post post-2592 post type-post status-publish format-standard has-post-thumbnail hentry category-dss\">\n<h2 class=\"wp-block-post-title\"><a href=\"https:\/\/bpovietnam.com.vn\/index.php\/dss-he-thong-ho-tro-ra-quyet-dinh\/\" target=\"_self\" >DSS \u2013 H\u1ec7 Th\u1ed1ng H\u1ed7 Tr\u1ee3 Ra Quy\u1ebft \u0110\u1ecbnh<\/a><\/h2>\n\n<figure class=\"alignwide wp-block-post-featured-image\"><a href=\"https:\/\/bpovietnam.com.vn\/index.php\/dss-he-thong-ho-tro-ra-quyet-dinh\/\" target=\"_self\"  ><img loading=\"lazy\" decoding=\"async\" width=\"300\" height=\"192\" src=\"https:\/\/bpovietnam.com.vn\/wp-content\/uploads\/2022\/11\/BPO-DSS-850x544-1-300x192.png\" class=\"attachment-post-thumbnail size-post-thumbnail wp-post-image\" alt=\"DSS \u2013 H\u1ec7 Th\u1ed1ng H\u1ed7 Tr\u1ee3 Ra Quy\u1ebft \u0110\u1ecbnh\" style=\"object-fit:cover;\" srcset=\"https:\/\/bpovietnam.com.vn\/wp-content\/uploads\/2022\/11\/BPO-DSS-850x544-1-300x192.png 300w, https:\/\/bpovietnam.com.vn\/wp-content\/uploads\/2022\/11\/BPO-DSS-850x544-1-768x492.png 768w, https:\/\/bpovietnam.com.vn\/wp-content\/uploads\/2022\/11\/BPO-DSS-850x544-1.png 850w\" sizes=\"auto, (max-width: 300px) 100vw, 300px\" \/><\/a><\/figure>\n\n<div class=\"wp-block-post-excerpt\"><p class=\"wp-block-post-excerpt__excerpt\">DSS \u2013 Decision Support System \u2013 H\u1ec7 Th\u1ed1ng H\u1ed7 Tr\u1ee3 Ra Quy\u1ebft \u0110\u1ecbnh 1. DSS l\u00e0 g\u00ec? DSS l\u00e0 m\u1ed9t ch\u01b0\u01a1ng tr\u00ecnh ph\u1ea7n m\u1ec1m m\u00e1y t\u00ednh \u0111\u01b0\u1ee3c s\u1eed d\u1ee5ng \u0111\u1ec3 h\u1ed7 tr\u1ee3 c\u00e1c quy\u1ebft \u0111\u1ecbnh, c\u00e1c ph\u00e1n \u0111o\u00e1n v\u00e0 c\u00e1c h\u01b0\u1edbng h\u00e0nh \u0111\u1ed9ng trong m\u1ed9t t\u1ed5 ch\u1ee9c. DSS s\u00e0ng l\u1ecdc v\u00e0 ph\u00e2n t\u00edch l\u01b0\u1ee3ng d\u1eef&#8230; <\/p><\/div>\n\n\n<hr class=\"wp-block-separator has-css-opacity\"\/>\n\n\n<div class=\"wp-block-post-date\"><time datetime=\"2022-11-27T18:43:24+07:00\">27\/11\/2022<\/time><\/div>\n<\/li><li class=\"wp-block-post post-2586 post type-post status-publish format-standard has-post-thumbnail hentry category-dss\">\n<h2 class=\"wp-block-post-title\"><a href=\"https:\/\/bpovietnam.com.vn\/index.php\/phan-tich-du-lieu-doanh-nghiep\/\" target=\"_self\" >Ph\u00e2n t\u00edch d\u1eef li\u1ec7u doanh nghi\u1ec7p<\/a><\/h2>\n\n<figure class=\"alignwide wp-block-post-featured-image\"><a href=\"https:\/\/bpovietnam.com.vn\/index.php\/phan-tich-du-lieu-doanh-nghiep\/\" target=\"_self\"  ><img loading=\"lazy\" decoding=\"async\" width=\"300\" height=\"225\" src=\"https:\/\/bpovietnam.com.vn\/wp-content\/uploads\/2024\/07\/avatar_20220902-850x638-1-300x225.png\" class=\"attachment-post-thumbnail size-post-thumbnail wp-post-image\" alt=\"Ph\u00e2n t\u00edch d\u1eef li\u1ec7u doanh nghi\u1ec7p\" style=\"object-fit:cover;\" srcset=\"https:\/\/bpovietnam.com.vn\/wp-content\/uploads\/2024\/07\/avatar_20220902-850x638-1-300x225.png 300w, https:\/\/bpovietnam.com.vn\/wp-content\/uploads\/2024\/07\/avatar_20220902-850x638-1-768x576.png 768w, https:\/\/bpovietnam.com.vn\/wp-content\/uploads\/2024\/07\/avatar_20220902-850x638-1.png 850w\" sizes=\"auto, (max-width: 300px) 100vw, 300px\" \/><\/a><\/figure>\n\n<div class=\"wp-block-post-excerpt\"><p class=\"wp-block-post-excerpt__excerpt\">Ph\u00e2n t\u00edch d\u1eef li\u1ec7u doanh nghi\u1ec7p l\u00e0 c\u00f4ng vi\u1ec7c khai th\u00e1c d\u1eef li\u1ec7u (data) b\u00ean trong v\u00e0 b\u00ean ngo\u00e0i doanh nghi\u1ec7p, \u0111\u01b0a ra nh\u1eefng th\u00f4ng tin (information) c\u1ea7n thi\u1ebft t\u1eeb \u0111\u00f3 h\u1ed7 tr\u1ee3 qu\u00e1 tr\u00ecnh ra quy\u1ebft \u0111\u1ecbnh d\u1ef1a tr\u00ean d\u1eef li\u1ec7u (Data-driven decision making), gi\u00fap gia t\u0103ng hi\u1ec7u qu\u1ea3 ho\u1ea1t \u0111\u1ed9ng doanh nghi\u1ec7p. C\u00f3&#8230; <\/p><\/div>\n\n\n<hr class=\"wp-block-separator has-css-opacity\"\/>\n\n\n<div class=\"wp-block-post-date\"><time datetime=\"2018-04-26T18:38:17+07:00\">26\/04\/2018<\/time><\/div>\n<\/li><\/ul><\/div>\n","protected":false},"excerpt":{"rendered":"","protected":false},"author":1,"featured_media":0,"parent":0,"menu_order":0,"comment_status":"closed","ping_status":"closed","template":"","meta":{"_monsterinsights_skip_tracking":false,"_monsterinsights_sitenote_active":false,"_monsterinsights_sitenote_note":"","_monsterinsights_sitenote_category":0,"footnotes":""},"class_list":["post-2396","page","type-page","status-publish","hentry"],"aioseo_notices":[],"_links":{"self":[{"href":"https:\/\/bpovietnam.com.vn\/index.php\/wp-json\/wp\/v2\/pages\/2396","targetHints":{"allow":["GET"]}}],"collection":[{"href":"https:\/\/bpovietnam.com.vn\/index.php\/wp-json\/wp\/v2\/pages"}],"about":[{"href":"https:\/\/bpovietnam.com.vn\/index.php\/wp-json\/wp\/v2\/types\/page"}],"author":[{"embeddable":true,"href":"https:\/\/bpovietnam.com.vn\/index.php\/wp-json\/wp\/v2\/users\/1"}],"replies":[{"embeddable":true,"href":"https:\/\/bpovietnam.com.vn\/index.php\/wp-json\/wp\/v2\/comments?post=2396"}],"version-history":[{"count":3,"href":"https:\/\/bpovietnam.com.vn\/index.php\/wp-json\/wp\/v2\/pages\/2396\/revisions"}],"predecessor-version":[{"id":2579,"href":"https:\/\/bpovietnam.com.vn\/index.php\/wp-json\/wp\/v2\/pages\/2396\/revisions\/2579"}],"wp:attachment":[{"href":"https:\/\/bpovietnam.com.vn\/index.php\/wp-json\/wp\/v2\/media?parent=2396"}],"curies":[{"name":"wp","href":"https:\/\/api.w.org\/{rel}","templated":true}]}}